{"id":118,"date":"2025-04-27T13:58:40","date_gmt":"2025-04-27T13:58:40","guid":{"rendered":"https:\/\/oktatopedal.hu\/?page_id=118"},"modified":"2025-04-29T14:56:08","modified_gmt":"2025-04-29T14:56:08","slug":"galeria","status":"publish","type":"page","link":"https:\/\/oktatopedal.hu\/index.php\/galeria\/","title":{"rendered":"Gal\u00e9ria"},"content":{"rendered":"\n<div style=\"height:var(--wp--preset--spacing--50)\" aria-hidden=\"true\" class=\"wp-block-spacer\"><\/div>\n\n\n\n<div class=\"wp-block-group alignwide has-global-padding is-layout-constrained wp-block-group-is-layout-constrained\">\n<h1 class=\"wp-block-heading alignwide has-system-sans-serif-font-family has-x-large-font-size\" style=\"line-height:1.2\">Elk\u00e9sz\u00fclt munk\u00e1ink k\u00f6z\u00fcl n\u00e9h\u00e1ny:<\/h1>\n<\/div>\n\n\n\n<div class=\"wp-block-group alignfull has-global-padding is-layout-constrained wp-container-core-group-is-layout-b25ccd55 wp-block-group-is-layout-constrained\" style=\"margin-top:0;margin-bottom:0;padding-top:var(--wp--preset--spacing--50);padding-right:var(--wp--preset--spacing--50);padding-bottom:var(--wp--preset--spacing--50);padding-left:var(--wp--preset--spacing--50)\">\n<div class=\"wp-block-columns alignwide is-layout-flex wp-container-core-columns-is-layout-ff4b9c61 wp-block-columns-is-layout-flex\" style=\"margin-top:0;margin-bottom:0\">\n<div class=\"wp-block-column is-layout-flow wp-container-core-column-is-layout-8a368f38 wp-block-column-is-layout-flow\">\n<figure class=\"wp-block-image size-full is-style-rounded is-style-rounded--1\"><img fetchpriority=\"high\" decoding=\"async\" width=\"807\" height=\"618\" src=\"https:\/\/oktatopedal.hu\/wp-content\/uploads\/2025\/04\/fiat1.png\" alt=\"\" class=\"wp-image-119\" srcset=\"https:\/\/oktatopedal.hu\/wp-content\/uploads\/2025\/04\/fiat1.png 807w, https:\/\/oktatopedal.hu\/wp-content\/uploads\/2025\/04\/fiat1-300x230.png 300w, https:\/\/oktatopedal.hu\/wp-content\/uploads\/2025\/04\/fiat1-768x588.png 768w\" sizes=\"(max-width: 807px) 100vw, 807px\" \/><\/figure>\n\n\n\n<div style=\"height:var(--wp--preset--spacing--50)\" aria-hidden=\"true\" class=\"wp-block-spacer\"><\/div>\n\n\n\n<figure class=\"wp-block-image size-full has-custom-border is-style-rounded is-style-rounded--2\"><img decoding=\"async\" width=\"807\" height=\"618\" src=\"https:\/\/oktatopedal.hu\/wp-content\/uploads\/2025\/04\/kia1.png\" alt=\"\" class=\"wp-image-147\" style=\"border-radius:0px\" srcset=\"https:\/\/oktatopedal.hu\/wp-content\/uploads\/2025\/04\/kia1.png 807w, https:\/\/oktatopedal.hu\/wp-content\/uploads\/2025\/04\/kia1-300x230.png 300w, https:\/\/oktatopedal.hu\/wp-content\/uploads\/2025\/04\/kia1-768x588.png 768w\" sizes=\"(max-width: 807px) 100vw, 807px\" \/><\/figure>\n\n\n\n<div style=\"height:var(--wp--preset--spacing--50)\" aria-hidden=\"true\" class=\"wp-block-spacer\"><\/div>\n\n\n<\/div>\n\n\n\n<div class=\"wp-block-column is-layout-flow wp-container-core-column-is-layout-8a368f38 wp-block-column-is-layout-flow\">\n<figure class=\"wp-block-image aligncenter size-full is-style-rounded is-style-rounded--4\"><img decoding=\"async\" width=\"807\" height=\"618\" src=\"https:\/\/oktatopedal.hu\/wp-content\/uploads\/2025\/04\/skoda1.png\" alt=\"\" class=\"wp-image-121\" srcset=\"https:\/\/oktatopedal.hu\/wp-content\/uploads\/2025\/04\/skoda1.png 807w, https:\/\/oktatopedal.hu\/wp-content\/uploads\/2025\/04\/skoda1-300x230.png 300w, https:\/\/oktatopedal.hu\/wp-content\/uploads\/2025\/04\/skoda1-768x588.png 768w\" sizes=\"(max-width: 807px) 100vw, 807px\" \/><\/figure>\n\n\n\n<div style=\"height:var(--wp--preset--spacing--50)\" aria-hidden=\"true\" class=\"wp-block-spacer\"><\/div>\n\n\n\n<figure class=\"wp-block-image size-full has-custom-border is-style-rounded is-style-rounded--5\"><img loading=\"lazy\" decoding=\"async\" width=\"768\" height=\"518\" src=\"https:\/\/oktatopedal.hu\/wp-content\/uploads\/2025\/04\/hyundai1-1.png\" alt=\"\" class=\"wp-image-151\" style=\"border-style:none;border-width:0px;border-radius:0px\" srcset=\"https:\/\/oktatopedal.hu\/wp-content\/uploads\/2025\/04\/hyundai1-1.png 768w, https:\/\/oktatopedal.hu\/wp-content\/uploads\/2025\/04\/hyundai1-1-300x202.png 300w\" sizes=\"(max-width: 768px) 100vw, 768px\" \/><\/figure>\n\n\n\n<div style=\"height:var(--wp--preset--spacing--50)\" aria-hidden=\"true\" class=\"wp-block-spacer\"><\/div>\n\n\n\n<figure class=\"wp-block-image size-full is-style-rounded is-style-rounded--6\"><img loading=\"lazy\" decoding=\"async\" width=\"944\" height=\"531\" src=\"https:\/\/oktatopedal.hu\/wp-content\/uploads\/2025\/04\/DB1.png\" alt=\"\" class=\"wp-image-168\" style=\"aspect-ratio:16\/9;object-fit:cover\" srcset=\"https:\/\/oktatopedal.hu\/wp-content\/uploads\/2025\/04\/DB1.png 944w, https:\/\/oktatopedal.hu\/wp-content\/uploads\/2025\/04\/DB1-300x169.png 300w, https:\/\/oktatopedal.hu\/wp-content\/uploads\/2025\/04\/DB1-768x432.png 768w\" sizes=\"(max-width: 944px) 100vw, 944px\" \/><\/figure>\n<\/div>\n\n\n\n<div class=\"wp-block-column is-layout-flow wp-container-core-column-is-layout-8a368f38 wp-block-column-is-layout-flow\">\n<div style=\"height:var(--wp--preset--spacing--50)\" aria-hidden=\"true\" class=\"wp-block-spacer\"><\/div>\n\n\n\n<figure class=\"wp-block-image size-full is-style-rounded is-style-rounded--7\"><img loading=\"lazy\" decoding=\"async\" width=\"807\" height=\"618\" src=\"https:\/\/oktatopedal.hu\/wp-content\/uploads\/2025\/04\/opel1.png\" alt=\"\" class=\"wp-image-120\" srcset=\"https:\/\/oktatopedal.hu\/wp-content\/uploads\/2025\/04\/opel1.png 807w, https:\/\/oktatopedal.hu\/wp-content\/uploads\/2025\/04\/opel1-300x230.png 300w, https:\/\/oktatopedal.hu\/wp-content\/uploads\/2025\/04\/opel1-768x588.png 768w\" sizes=\"(max-width: 807px) 100vw, 807px\" \/><\/figure>\n\n\n\n<div style=\"height:var(--wp--preset--spacing--50)\" aria-hidden=\"true\" class=\"wp-block-spacer\"><\/div>\n\n\n\n<figure class=\"wp-block-image size-full is-style-rounded is-style-rounded--8\"><img loading=\"lazy\" decoding=\"async\" width=\"945\" height=\"629\" src=\"https:\/\/oktatopedal.hu\/wp-content\/uploads\/2025\/04\/DB2.png\" alt=\"\" class=\"wp-image-170\" srcset=\"https:\/\/oktatopedal.hu\/wp-content\/uploads\/2025\/04\/DB2.png 945w, https:\/\/oktatopedal.hu\/wp-content\/uploads\/2025\/04\/DB2-300x200.png 300w, https:\/\/oktatopedal.hu\/wp-content\/uploads\/2025\/04\/DB2-768x511.png 768w\" sizes=\"(max-width: 945px) 100vw, 945px\" \/><\/figure>\n\n\n\n<div style=\"height:var(--wp--preset--spacing--50)\" aria-hidden=\"true\" class=\"wp-block-spacer\"><\/div>\n\n\n<\/div>\n<\/div>\n<\/div>\n\n\n\n<p><\/p>\n","protected":false},"excerpt":{"rendered":"<p>Elk\u00e9sz\u00fclt munk\u00e1ink k\u00f6z\u00fcl n\u00e9h\u00e1ny:<\/p>\n","protected":false},"author":1,"featured_media":0,"parent":0,"menu_order":0,"comment_status":"closed","ping_status":"closed","template":"","meta":{"footnotes":""},"class_list":["post-118","page","type-page","status-publish","hentry"],"_links":{"self":[{"href":"https:\/\/oktatopedal.hu\/index.php\/wp-json\/wp\/v2\/pages\/118","targetHints":{"allow":["GET"]}}],"collection":[{"href":"https:\/\/oktatopedal.hu\/index.php\/wp-json\/wp\/v2\/pages"}],"about":[{"href":"https:\/\/oktatopedal.hu\/index.php\/wp-json\/wp\/v2\/types\/page"}],"author":[{"embeddable":true,"href":"https:\/\/oktatopedal.hu\/index.php\/wp-json\/wp\/v2\/users\/1"}],"replies":[{"embeddable":true,"href":"https:\/\/oktatopedal.hu\/index.php\/wp-json\/wp\/v2\/comments?post=118"}],"version-history":[{"count":7,"href":"https:\/\/oktatopedal.hu\/index.php\/wp-json\/wp\/v2\/pages\/118\/revisions"}],"predecessor-version":[{"id":171,"href":"https:\/\/oktatopedal.hu\/index.php\/wp-json\/wp\/v2\/pages\/118\/revisions\/171"}],"wp:attachment":[{"href":"https:\/\/oktatopedal.hu\/index.php\/wp-json\/wp\/v2\/media?parent=118"}],"curies":[{"name":"wp","href":"https:\/\/api.w.org\/{rel}","templated":true}]}}