{"id":125,"date":"2025-04-27T14:54:35","date_gmt":"2025-04-27T14:54:35","guid":{"rendered":"https:\/\/oktatopedal.hu\/?page_id=125"},"modified":"2025-04-27T16:22:05","modified_gmt":"2025-04-27T16:22:05","slug":"elerhetosegek","status":"publish","type":"page","link":"https:\/\/oktatopedal.hu\/index.php\/elerhetosegek\/","title":{"rendered":"El\u00e9rhet\u0151s\u00e9gek:"},"content":{"rendered":"\n<p>Telefon: <\/p>\n\n\n\n<div class=\"wp-block-buttons is-layout-flex wp-block-buttons-is-layout-flex\">\n<div class=\"wp-block-button\"><a class=\"wp-block-button__link wp-element-button\" href=\"tel:+36209612114\">+36 20 961 2114<\/a><\/div>\n\n\n\n<div class=\"wp-block-button\"><a class=\"wp-block-button__link wp-element-button\" href=\"tel:+36203831684\">+36 20 383 1684<\/a><\/div>\n<\/div>\n\n\n\n<p>E-mail:<\/p>\n\n\n\n<div class=\"wp-block-buttons is-layout-flex wp-block-buttons-is-layout-flex\">\n<div class=\"wp-block-button\"><a class=\"wp-block-button__link wp-element-button\" href=\"mailto:oktatopedal@gmail.com\">oktatopedal@gmail.com<\/a><\/div>\n<\/div>\n\n\n\n<p>Facebook:<\/p>\n\n\n\n<div class=\"wp-block-buttons is-layout-flex wp-block-buttons-is-layout-flex\">\n<div class=\"wp-block-button\"><a class=\"wp-block-button__link wp-element-button\" href=\"https:\/\/www.facebook.com\/oktatopedalkecskemet\">Oktat\u00f3Ped\u00e1l a Facebook-on<\/a><\/div>\n<\/div>\n\n\n\n<p><\/p>\n","protected":false},"excerpt":{"rendered":"<p>Telefon: E-mail: Facebook:<\/p>\n","protected":false},"author":1,"featured_media":0,"parent":0,"menu_order":0,"comment_status":"closed","ping_status":"closed","template":"","meta":{"footnotes":""},"class_list":["post-125","page","type-page","status-publish","hentry"],"_links":{"self":[{"href":"https:\/\/oktatopedal.hu\/index.php\/wp-json\/wp\/v2\/pages\/125","targetHints":{"allow":["GET"]}}],"collection":[{"href":"https:\/\/oktatopedal.hu\/index.php\/wp-json\/wp\/v2\/pages"}],"about":[{"href":"https:\/\/oktatopedal.hu\/index.php\/wp-json\/wp\/v2\/types\/page"}],"author":[{"embeddable":true,"href":"https:\/\/oktatopedal.hu\/index.php\/wp-json\/wp\/v2\/users\/1"}],"replies":[{"embeddable":true,"href":"https:\/\/oktatopedal.hu\/index.php\/wp-json\/wp\/v2\/comments?post=125"}],"version-history":[{"count":6,"href":"https:\/\/oktatopedal.hu\/index.php\/wp-json\/wp\/v2\/pages\/125\/revisions"}],"predecessor-version":[{"id":155,"href":"https:\/\/oktatopedal.hu\/index.php\/wp-json\/wp\/v2\/pages\/125\/revisions\/155"}],"wp:attachment":[{"href":"https:\/\/oktatopedal.hu\/index.php\/wp-json\/wp\/v2\/media?parent=125"}],"curies":[{"name":"wp","href":"https:\/\/api.w.org\/{rel}","templated":true}]}}